{"id":7099,"date":"2023-11-16T10:57:34","date_gmt":"2023-11-16T15:57:34","guid":{"rendered":"https:\/\/www.demenagementmartineau.ca\/?page_id=7099"},"modified":"2024-01-17T15:08:02","modified_gmt":"2024-01-17T20:08:02","slug":"turnkey-moving-service","status":"publish","type":"page","link":"https:\/\/www.demenagementmartineau.ca\/en\/services\/turnkey-moving-service\/","title":{"rendered":"Turnkey moving service"},"content":{"rendered":"<div class=\"wpb-content-wrapper\">[mk_page_section bg_image=&#8221;https:\/\/www.demenagementmartineau.ca\/wp-content\/uploads\/demenagement-express.jpg&#8221; bg_color=&#8221;rgba(123,123,123,0.48)&#8221; bg_position=&#8221;center center&#8221; bg_repeat=&#8221;no-repeat&#8221; bg_stretch=&#8221;true&#8221; bg_gradient=&#8221;horizontal&#8221; video_color_mask=&#8221;rgba(0,0,0,0.4)&#8221; gr_end=&#8221;rgba(0,0,0,0)&#8221; video_opacity=&#8221;1&#8243; padding_top=&#8221;0&#8243; padding_bottom=&#8221;90&#8243; sidebar=&#8221;sidebar-1&#8243;][vc_column][mk_padding_divider size=&#8221;90&#8243; visibility=&#8221;hidden-sm&#8221;][mk_padding_divider size=&#8221;90&#8243;][mk_fancy_title tag_name=&#8221;h1&#8243; color=&#8221;#ffffff&#8221; size=&#8221;56&#8243; force_font_size=&#8221;true&#8221; size_tablet=&#8221;45&#8243; size_phone=&#8221;36&#8243; line_height=&#8221;95&#8243; font_weight=&#8221;bold&#8221; txt_transform=&#8221;none&#8221; margin_bottom=&#8221;0&#8243; font_family=&#8221;Poppins&#8221; font_type=&#8221;google&#8221;]Turnkey moving:<br \/>\n<span style=\"color: #f6f9fc;\">the practical and hassle-free solution <\/span>[\/mk_fancy_title][mk_button dimension=&#8221;flat&#8221; size=&#8221;large&#8221; url=&#8221;\/en\/moving-quote\/&#8221; margin_top=&#8221;15&#8243; animation=&#8221;fade-in&#8221; bg_color=&#8221;#fa3c3c&#8221; btn_hover_bg=&#8221;#bd010b&#8221; btn_hover_txt_color=&#8221;#ffffff&#8221;]Plan your move[\/mk_button][mk_padding_divider size=&#8221;90&#8243; visibility=&#8221;hidden-sm&#8221;][\/vc_column][\/mk_page_section][vc_row fullwidth=&#8221;true&#8221; fullwidth_content=&#8221;false&#8221; el_class=&#8221;bjm-crumbs&#8221;][vc_column][vc_raw_html css=&#8221;.vc_custom_1644864764604{margin-top: 0px !important;margin-right: 0px !important;margin-bottom: 0px !important;margin-left: 0px !important;border-top-width: 0px !important;border-right-width: 0px !important;border-bottom-width: 0px !important;border-left-width: 0px !important;padding-top: 0px !important;padding-right: 0px !important;padding-bottom: 0px !important;padding-left: 0px !important;}&#8221;]JTVCd3BzZW9fYnJlYWRjcnVtYiU1RA==[\/vc_raw_html][\/vc_column][\/vc_row][vc_row][vc_column][mk_padding_divider size=&#8221;120&#8243;][\/vc_column][\/vc_row][vc_row][vc_column width=&#8221;1\/3&#8243;][mk_fancy_title size=&#8221;40&#8243; force_font_size=&#8221;true&#8221; size_tablet=&#8221;36&#8243; size_phone=&#8221;32&#8243; font_weight=&#8221;400&#8243; margin_bottom=&#8221;5&#8243; font_family=&#8221;Poppins&#8221; font_type=&#8221;google&#8221; animation=&#8221;top-to-bottom&#8221;]For a move with complete peace of mind[\/mk_fancy_title][\/vc_column][vc_column width=&#8221;2\/3&#8243;][mk_padding_divider size=&#8221;20&#8243;][vc_column_text disable_pattern=&#8221;false&#8221; css=&#8221;.vc_custom_1705522049946{margin-bottom: 0px !important;}&#8221;]<span style=\"font-weight: 400;\">Do you want to move with complete peace of mind, without wasting time or energy? Opt for the excellent turnkey moving service from D\u00e9m\u00e9nagement Martineau! Martineau Movers meets all your moving needs in the Greater Montreal area, including Vaudreuil-Dorion, the West Island, Lachine, Lasalle and Saint-Laurent. Our teams of meticulous and qualified professionals offer you a turnkey moving service whether for a <\/span><a href=\"https:\/\/www.demenagementmartineau.ca\/en\/services\/residential-movers\/\"> <span style=\"font-weight: 400;\">residential moving<\/span><\/a><span style=\"font-weight: 400;\"> or a <\/span><a href=\"\/en\/services\/commercial-movers\/\"><span style=\"font-weight: 400;\">commercial moving<\/span><\/a><span style=\"font-weight: 400;\">, small or big, local or long distance. To simplify the process of your move, we take care of all aspects of it, from initial planning to final set-up. Don&#8217;t risk hurting yourself or damaging your belongings or furniture, our <\/span><a href=\"https:\/\/www.demenagementmartineau.ca\/en\/\"><span style=\"font-weight: 400;\">movers<\/span><\/a><span style=\"font-weight: 400;\"> take care of everything efficiently and quickly thanks to their know-how and experience.<\/span>[\/vc_column_text][\/vc_column][\/vc_row][vc_row][vc_column][mk_padding_divider size=&#8221;120&#8243;][\/vc_column][\/vc_row][vc_row][vc_column width=&#8221;1\/3&#8243;][mk_image src=&#8221;https:\/\/www.demenagementmartineau.ca\/wp-content\/uploads\/boite_tape-1.jpg&#8221; image_size=&#8221;full&#8221;][mk_image src=&#8221;https:\/\/www.demenagementmartineau.ca\/wp-content\/uploads\/demenagement-longue-distance-demenagement-martineau-opt.jpg&#8221; image_size=&#8221;full&#8221;][mk_image src=&#8221;https:\/\/www.demenagementmartineau.ca\/wp-content\/uploads\/demenageurs-vaudreuil-dorion.jpg&#8221; image_size=&#8221;full&#8221;][\/vc_column][vc_column width=&#8221;2\/3&#8243;][mk_fancy_title size=&#8221;36&#8243; force_font_size=&#8221;true&#8221; size_phone=&#8221;30&#8243; font_weight=&#8221;400&#8243; font_family=&#8221;Poppins&#8221; font_type=&#8221;google&#8221; animation=&#8221;top-to-bottom&#8221;]A complete service for your move[\/mk_fancy_title][vc_column_text disable_pattern=&#8221;false&#8221; css=&#8221;.vc_custom_1700149660856{margin-bottom: 0px !important;}&#8221;]<span style=\"font-weight: 400;\">Martineau Movers offers you a high-quality, turnkey moving service! In fact, our team of professional movers assesses your needs based on your situation so that you can move with complete peace of mind. Our complete moving service includes: <\/span><\/p>\n<ul>\n<li style=\"font-weight: 400;\" aria-level=\"1\"><span style=\"font-weight: 400;\">A free, accurate and personalized estimate of the cost of your complete move.<\/span><\/li>\n<li style=\"font-weight: 400;\" aria-level=\"1\"><span style=\"font-weight: 400;\">A serious, courteous, efficient and thorough team of movers.<\/span><\/li>\n<li style=\"font-weight: 400;\" aria-level=\"1\"><span style=\"font-weight: 400;\">Packing and unpacking of all your quality goods carried out in a professional manner, using suitable packaging materials such as as protective covers, wardrobe boxes and others to ensure their safety during transport. In addition, we take great care of your fragile items (lamps, mirrors, paintings, etc.) by using additional protection. <\/span><\/li>\n<li style=\"font-weight: 400;\" aria-level=\"1\"><span style=\"font-weight: 400;\">Disassembly and assembly of your furniture quickly and efficiently. <\/span><\/li>\n<li style=\"font-weight: 400;\" aria-level=\"1\"><span style=\"font-weight: 400;\">Loading, transporting and unloading all of your belongings safely and without damage using specialized equipment such as protective mats, straps, hand trucks and others.<\/span><\/li>\n<li style=\"font-weight: 400;\" aria-level=\"1\"><span style=\"font-weight: 400;\">The installation of your furniture, boxes, appliances and other goods in each room of your new home.<\/span><\/li>\n<li style=\"font-weight: 400;\" aria-level=\"1\"><span style=\"font-weight: 400;\">The possibility of a very fast service if you need a <\/span><a href=\"https:\/\/www .demenagementmartineau.ca\/en\/services\/express-move\/\"><span style=\"font-weight: 400;\">express moving<\/span><\/a><span style=\"font-weight: 400;\">.<\/span><\/li>\n<li style=\"font-weight: 400;\" aria-level=\"1\"><span style=\"font-weight: 400;\">A comprehensive insurance guarantee that covers damages up to $2 million with supporting certificate.<\/span><\/li>\n<\/ul>\n[\/vc_column_text][mk_button dimension=&#8221;flat&#8221; size=&#8221;large&#8221; url=&#8221;\/en\/packing-services\/&#8221; margin_top=&#8221;15&#8243; animation=&#8221;fade-in&#8221; bg_color=&#8221;#fa3c3c&#8221; btn_hover_bg=&#8221;#bd010b&#8221; btn_hover_txt_color=&#8221;#ffffff&#8221;]See our packaging solutions for your move[\/mk_button][mk_padding_divider size=&#8221;20&#8243; visibility=&#8221;hidden-sm&#8221;][\/vc_column][\/vc_row][vc_row][vc_column][mk_padding_divider size=&#8221;60&#8243;][mk_fancy_title size=&#8221;36&#8243; force_font_size=&#8221;true&#8221; size_phone=&#8221;30&#8243; font_weight=&#8221;400&#8243; font_family=&#8221;Poppins&#8221; font_type=&#8221;google&#8221; animation=&#8221;top-to-bottom&#8221;]\n<p style=\"text-align: center;\">Quality turnkey moving services<\/p>\n[\/mk_fancy_title][\/vc_column][\/vc_row][vc_row][vc_column width=&#8221;1\/3&#8243;][mk_custom_box padding_vertical=&#8221;0&#8243; padding_horizental=&#8221;0&#8243; margin_bottom=&#8221;40&#8243; min_height=&#8221;610&#8243; background_hov_color_style=&#8221;image&#8221; elevation_effect=&#8221;true&#8221;][vc_single_image image=&#8221;5201&#8243; img_size=&#8221;500&#215;281&#8243; alignment=&#8221;center&#8221; onclick=&#8221;custom_link&#8221; link=&#8221;\/en\/packing-services\/&#8221;][vc_row_inner css=&#8221;.vc_custom_1700148061957{padding-right: 25px !important;padding-left: 25px !important;}&#8221;][vc_column_inner css=&#8221;.vc_custom_1700147984991{padding-right: 8px !important;padding-left: 8px !important;}&#8221;][mk_fancy_title size=&#8221;24&#8243; force_font_size=&#8221;true&#8221; size_phone=&#8221;22&#8243; font_weight=&#8221;400&#8243; margin_bottom=&#8221;0&#8243; font_family=&#8221;Poppins&#8221; font_type=&#8221;google&#8221; responsive_align=&#8221;left&#8221;]<a href=\"https:\/\/www.demenagementmartineau.ca\/en\/packing-services\/\">Packing and unpacking service<\/a>[\/mk_fancy_title][vc_column_text css=&#8221;.vc_custom_1700150208319{margin-bottom: 0px !important;}&#8221;]No more stress and wasted time needed to pack your belongings. At Martineau Movers, we take care to pack and unpack all your belongings with care and expertise. We have the professional equipment necessary to protect your objects, including the most fragile such as lamps, mirrors, dishes and others to ensure their safety. We have wardrobe boxes for transporting clothes and covers for your mattresses and sofas. In addition, we offer efficient disassembly and assembly of your furniture.[\/vc_column_text][mk_button dimension=&#8221;flat&#8221; size=&#8221;large&#8221; url=&#8221;\/en\/packing-services\/&#8221; fullwidth=&#8221;true&#8221; margin_top=&#8221;15&#8243; animation=&#8221;fade-in&#8221; bg_color=&#8221;#0b4083&#8243; btn_hover_bg=&#8221;#bd010b&#8221; btn_hover_txt_color=&#8221;#ffffff&#8221;]Learn more[\/mk_button][\/vc_column_inner][\/vc_row_inner][\/mk_custom_box][\/vc_column][vc_column width=&#8221;1\/3&#8243;][mk_custom_box padding_vertical=&#8221;0&#8243; padding_horizental=&#8221;0&#8243; margin_bottom=&#8221;40&#8243; min_height=&#8221;610&#8243; background_hov_color_style=&#8221;image&#8221; elevation_effect=&#8221;true&#8221;][vc_single_image image=&#8221;5191&#8243; img_size=&#8221;500&#215;281&#8243; alignment=&#8221;center&#8221; onclick=&#8221;custom_link&#8221; link=&#8221;\/en\/moving-storage\/&#8221;][vc_row_inner css=&#8221;.vc_custom_1700148071824{padding-right: 25px !important;padding-left: 25px !important;}&#8221;][vc_column_inner][mk_fancy_title size=&#8221;24&#8243; force_font_size=&#8221;true&#8221; size_phone=&#8221;22&#8243; font_weight=&#8221;400&#8243; margin_bottom=&#8221;0&#8243; font_family=&#8221;Poppins&#8221; font_type=&#8221;google&#8221; responsive_align=&#8221;left&#8221;]<a href=\"https:\/\/www.demenagementmartineau.ca\/en\/moving-storage\/\">Storage service after a move<\/a>[\/mk_fancy_title][vc_column_text css=&#8221;.vc_custom_1700150175587{margin-bottom: 0px !important;}&#8221;]At Martineau Movers, in addition to our moving services, we provide you with three storage sites in Vaudreuil-Dorion, Montreal, and the West Island. We therefore offer you a wide choice of surfaces to meet all your needs. You can store your goods for a short or long term in complete safety. Our warehouses are equipped with surveillance cameras, clean, heated and easy to access 24\/7. You can be in complete peace of mind: your belongings will be stored safely with us.[\/vc_column_text][mk_button dimension=&#8221;flat&#8221; size=&#8221;large&#8221; url=&#8221;\/entreposage\/&#8221; fullwidth=&#8221;true&#8221; margin_top=&#8221;15&#8243; animation=&#8221;fade-in&#8221; bg_color=&#8221;#0b4083&#8243; btn_hover_bg=&#8221;#bd010b&#8221; btn_hover_txt_color=&#8221;#ffffff&#8221;]Learn more[\/mk_button][\/vc_column_inner][\/vc_row_inner][\/mk_custom_box][\/vc_column][vc_column width=&#8221;1\/3&#8243;][mk_custom_box padding_vertical=&#8221;0&#8243; padding_horizental=&#8221;0&#8243; margin_bottom=&#8221;40&#8243; min_height=&#8221;610&#8243; background_hov_color_style=&#8221;image&#8221; elevation_effect=&#8221;true&#8221;][vc_single_image image=&#8221;5008&#8243; img_size=&#8221;500&#215;281&#8243; onclick=&#8221;custom_link&#8221; link=&#8221;\/en\/services\/moving-heavy-furniture\/&#8221;][vc_row_inner css=&#8221;.vc_custom_1700148077957{padding-right: 25px !important;padding-left: 25px !important;}&#8221;][vc_column_inner][mk_fancy_title size=&#8221;24&#8243; force_font_size=&#8221;true&#8221; size_phone=&#8221;22&#8243; font_weight=&#8221;400&#8243; margin_bottom=&#8221;0&#8243; font_family=&#8221;Poppins&#8221; font_type=&#8221;google&#8221; responsive_align=&#8221;left&#8221;]<a href=\"https:\/\/www.demenagementmartineau.ca\/en\/services\/moving-heavy-furniture\/\">Transportation of heavy furniture<\/a>[\/mk_fancy_title][vc_column_text css=&#8221;.vc_custom_1700149905153{margin-bottom: 0px !important;}&#8221;]Do you have heavy or bulky items to move? You can trust our teams to safely move and transport your heavy furniture such as a piano, antique furniture, a pool table, a fireplace, etc. At D\u00e9m\u00e9nagement Martineau, we have been offering the transportation service for heavy furniture since 1985. We therefore have all the required knowledge as well as all the equipment necessary to carry out a personalized, efficient, safe and meticulous move for your heavy furniture.[\/vc_column_text][mk_button dimension=&#8221;flat&#8221; size=&#8221;large&#8221; url=&#8221;\/en\/services\/moving-heavy-furniture\/&#8221; fullwidth=&#8221;true&#8221; margin_top=&#8221;15&#8243; animation=&#8221;fade-in&#8221; bg_color=&#8221;#0b4083&#8243; btn_hover_bg=&#8221;#bd010b&#8221; btn_hover_txt_color=&#8221;#ffffff&#8221;]Learn more[\/mk_button][\/vc_column_inner][\/vc_row_inner][\/mk_custom_box][\/vc_column][\/vc_row][vc_row][vc_column][mk_padding_divider size=&#8221;20&#8243; visibility=&#8221;hidden-sm&#8221;][vc_column_text disable_pattern=&#8221;false&#8221; css=&#8221;.vc_custom_1700150231586{margin-bottom: 0px !important;}&#8221;]\n<h2 style=\"text-align: center;\">Get a free quote for your turnkey move<\/h2>\n[\/vc_column_text][mk_button dimension=&#8221;flat&#8221; size=&#8221;large&#8221; url=&#8221;\/en\/moving-quote\/&#8221; align=&#8221;center&#8221; margin_top=&#8221;15&#8243; animation=&#8221;fade-in&#8221; bg_color=&#8221;#fa3c3c&#8221; btn_hover_bg=&#8221;#bd010b&#8221; btn_hover_txt_color=&#8221;#ffffff&#8221;]Request a quote for your move[\/mk_button][\/vc_column][\/vc_row][vc_row][vc_column][mk_padding_divider size=&#8221;150&#8243;][\/vc_column][\/vc_row]\n<\/div>","protected":false},"excerpt":{"rendered":"<p>[mk_page_section bg_image=&#8221;https:\/\/www.demenagementmartineau.ca\/wp-content\/uploads\/demenagement-express.jpg&#8221; bg_color=&#8221;rgba(123,123,123,0.48)&#8221; bg_position=&#8221;center center&#8221; bg_repeat=&#8221;no-repeat&#8221; bg_stretch=&#8221;true&#8221; bg_gradient=&#8221;horizontal&#8221; video_color_mask=&#8221;rgba(0,0,0,0.4)&#8221; gr_end=&#8221;rgba(0,0,0,0)&#8221; video_opacity=&#8221;1&#8243; padding_top=&#8221;0&#8243; padding_bottom=&#8221;90&#8243; sidebar=&#8221;sidebar-1&#8243;][vc_column][mk_padding_divider size=&#8221;90&#8243; visibility=&#8221;hidden-sm&#8221;][mk_padding_divider size=&#8221;90&#8243;][mk_fancy_title tag_name=&#8221;h1&#8243; color=&#8221;#ffffff&#8221; size=&#8221;56&#8243; force_font_size=&#8221;true&#8221; size_tablet=&#8221;45&#8243; size_phone=&#8221;36&#8243; line_height=&#8221;95&#8243; font_weight=&#8221;bold&#8221; txt_transform=&#8221;none&#8221; margin_bottom=&#8221;0&#8243; font_family=&#8221;Poppins&#8221; font_type=&#8221;google&#8221;]Turnkey moving: the practical and hassle-free solution [\/mk_fancy_title][mk_button dimension=&#8221;flat&#8221; size=&#8221;large&#8221; url=&#8221;\/en\/moving-quote\/&#8221; margin_top=&#8221;15&#8243; animation=&#8221;fade-in&#8221; bg_color=&#8221;#fa3c3c&#8221; btn_hover_bg=&#8221;#bd010b&#8221; btn_hover_txt_color=&#8221;#ffffff&#8221;]Plan your move[\/mk_button][mk_padding_divider size=&#8221;90&#8243; visibility=&#8221;hidden-sm&#8221;][\/vc_column][\/mk_page_section][vc_row fullwidth=&#8221;true&#8221; fullwidth_content=&#8221;false&#8221; el_class=&#8221;bjm-crumbs&#8221;][vc_column][vc_raw_html css=&#8221;.vc_custom_1644864764604{margin-top: 0px !important;margin-right: 0px [&hellip;]<\/p>\n","protected":false},"author":4,"featured_media":5171,"parent":6437,"menu_order":0,"comment_status":"closed","ping_status":"closed","template":"","meta":{"inline_featured_image":false,"footnotes":""},"class_list":["post-7099","page","type-page","status-publish","has-post-thumbnail","hentry"],"yoast_head":"<!-- This site is optimized with the Yoast SEO plugin v27.4 - https:\/\/yoast.com\/product\/yoast-seo-wordpress\/ -->\n<title>Turnkey Moving Service | D\u00e9m\u00e9nagement Martineau Movers<\/title>\n<meta name=\"description\" content=\"Do you want to move with complete peace of mind, without wasting time or energy? Opt for our turnkey moving service!\" \/>\n<meta name=\"robots\" content=\"index, follow, max-snippet:-1, max-image-preview:large, max-video-preview:-1\" \/>\n<link rel=\"canonical\" href=\"https:\/\/www.demenagementmartineau.ca\/en\/services\/turnkey-moving-service\/\" \/>\n<meta property=\"og:locale\" content=\"en_US\" \/>\n<meta property=\"og:type\" content=\"article\" \/>\n<meta property=\"og:title\" content=\"Turnkey Moving Service | D\u00e9m\u00e9nagement Martineau Movers\" \/>\n<meta property=\"og:description\" content=\"Do you want to move with complete peace of mind, without wasting time or energy? Opt for our turnkey moving service!\" \/>\n<meta property=\"og:url\" content=\"https:\/\/www.demenagementmartineau.ca\/en\/services\/turnkey-moving-service\/\" \/>\n<meta property=\"og:site_name\" content=\"D\u00e9m\u00e9nagement Martineau Movers inc.\" \/>\n<meta property=\"article:modified_time\" content=\"2024-01-17T20:08:02+00:00\" \/>\n<meta property=\"og:image\" content=\"https:\/\/www.demenagementmartineau.ca\/wp-content\/uploads\/demenagement-longue-distance-demenagement-martineau-opt.jpg\" \/>\n\t<meta property=\"og:image:width\" content=\"500\" \/>\n\t<meta property=\"og:image:height\" content=\"281\" \/>\n\t<meta property=\"og:image:type\" content=\"image\/jpeg\" \/>\n<meta name=\"twitter:card\" content=\"summary_large_image\" \/>\n<meta name=\"twitter:label1\" content=\"Est. reading time\" \/>\n\t<meta name=\"twitter:data1\" content=\"6 minutes\" \/>\n<script type=\"application\/ld+json\" class=\"yoast-schema-graph\">{\"@context\":\"https:\\\/\\\/schema.org\",\"@graph\":[{\"@type\":\"WebPage\",\"@id\":\"https:\\\/\\\/www.demenagementmartineau.ca\\\/en\\\/services\\\/turnkey-moving-service\\\/\",\"url\":\"https:\\\/\\\/www.demenagementmartineau.ca\\\/en\\\/services\\\/turnkey-moving-service\\\/\",\"name\":\"Turnkey Moving Service | D\u00e9m\u00e9nagement Martineau Movers\",\"isPartOf\":{\"@id\":\"https:\\\/\\\/www.demenagementmartineau.ca\\\/#website\"},\"primaryImageOfPage\":{\"@id\":\"https:\\\/\\\/www.demenagementmartineau.ca\\\/en\\\/services\\\/turnkey-moving-service\\\/#primaryimage\"},\"image\":{\"@id\":\"https:\\\/\\\/www.demenagementmartineau.ca\\\/en\\\/services\\\/turnkey-moving-service\\\/#primaryimage\"},\"thumbnailUrl\":\"https:\\\/\\\/www.demenagementmartineau.ca\\\/wp-content\\\/uploads\\\/demenagement-longue-distance-demenagement-martineau-opt.jpg\",\"datePublished\":\"2023-11-16T15:57:34+00:00\",\"dateModified\":\"2024-01-17T20:08:02+00:00\",\"description\":\"Do you want to move with complete peace of mind, without wasting time or energy? Opt for our turnkey moving service!\",\"breadcrumb\":{\"@id\":\"https:\\\/\\\/www.demenagementmartineau.ca\\\/en\\\/services\\\/turnkey-moving-service\\\/#breadcrumb\"},\"inLanguage\":\"en-CA\",\"potentialAction\":[{\"@type\":\"ReadAction\",\"target\":[\"https:\\\/\\\/www.demenagementmartineau.ca\\\/en\\\/services\\\/turnkey-moving-service\\\/\"]}]},{\"@type\":\"ImageObject\",\"inLanguage\":\"en-CA\",\"@id\":\"https:\\\/\\\/www.demenagementmartineau.ca\\\/en\\\/services\\\/turnkey-moving-service\\\/#primaryimage\",\"url\":\"https:\\\/\\\/www.demenagementmartineau.ca\\\/wp-content\\\/uploads\\\/demenagement-longue-distance-demenagement-martineau-opt.jpg\",\"contentUrl\":\"https:\\\/\\\/www.demenagementmartineau.ca\\\/wp-content\\\/uploads\\\/demenagement-longue-distance-demenagement-martineau-opt.jpg\",\"width\":500,\"height\":281,\"caption\":\"D\u00e9m\u00e9nagement longue distance - \u00c9quipe de D\u00e9m\u00e9nagement Martineau\"},{\"@type\":\"BreadcrumbList\",\"@id\":\"https:\\\/\\\/www.demenagementmartineau.ca\\\/en\\\/services\\\/turnkey-moving-service\\\/#breadcrumb\",\"itemListElement\":[{\"@type\":\"ListItem\",\"position\":1,\"name\":\"Home\",\"item\":\"https:\\\/\\\/www.demenagementmartineau.ca\\\/en\\\/\"},{\"@type\":\"ListItem\",\"position\":2,\"name\":\"Services\",\"item\":\"https:\\\/\\\/www.demenagementmartineau.ca\\\/en\\\/services\\\/\"},{\"@type\":\"ListItem\",\"position\":3,\"name\":\"Turnkey moving service\"}]},{\"@type\":\"WebSite\",\"@id\":\"https:\\\/\\\/www.demenagementmartineau.ca\\\/#website\",\"url\":\"https:\\\/\\\/www.demenagementmartineau.ca\\\/\",\"name\":\"D\u00e9m\u00e9nagement Martineau Movers inc.\",\"description\":\"\",\"potentialAction\":[{\"@type\":\"SearchAction\",\"target\":{\"@type\":\"EntryPoint\",\"urlTemplate\":\"https:\\\/\\\/www.demenagementmartineau.ca\\\/?s={search_term_string}\"},\"query-input\":{\"@type\":\"PropertyValueSpecification\",\"valueRequired\":true,\"valueName\":\"search_term_string\"}}],\"inLanguage\":\"en-CA\"}]}<\/script>\n<!-- \/ Yoast SEO plugin. -->","yoast_head_json":{"title":"Turnkey Moving Service | D\u00e9m\u00e9nagement Martineau Movers","description":"Do you want to move with complete peace of mind, without wasting time or energy? Opt for our turnkey moving service!","robots":{"index":"index","follow":"follow","max-snippet":"max-snippet:-1","max-image-preview":"max-image-preview:large","max-video-preview":"max-video-preview:-1"},"canonical":"https:\/\/www.demenagementmartineau.ca\/en\/services\/turnkey-moving-service\/","og_locale":"en_US","og_type":"article","og_title":"Turnkey Moving Service | D\u00e9m\u00e9nagement Martineau Movers","og_description":"Do you want to move with complete peace of mind, without wasting time or energy? Opt for our turnkey moving service!","og_url":"https:\/\/www.demenagementmartineau.ca\/en\/services\/turnkey-moving-service\/","og_site_name":"D\u00e9m\u00e9nagement Martineau Movers inc.","article_modified_time":"2024-01-17T20:08:02+00:00","og_image":[{"width":500,"height":281,"url":"https:\/\/www.demenagementmartineau.ca\/wp-content\/uploads\/demenagement-longue-distance-demenagement-martineau-opt.jpg","type":"image\/jpeg"}],"twitter_card":"summary_large_image","twitter_misc":{"Est. reading time":"6 minutes"},"schema":{"@context":"https:\/\/schema.org","@graph":[{"@type":"WebPage","@id":"https:\/\/www.demenagementmartineau.ca\/en\/services\/turnkey-moving-service\/","url":"https:\/\/www.demenagementmartineau.ca\/en\/services\/turnkey-moving-service\/","name":"Turnkey Moving Service | D\u00e9m\u00e9nagement Martineau Movers","isPartOf":{"@id":"https:\/\/www.demenagementmartineau.ca\/#website"},"primaryImageOfPage":{"@id":"https:\/\/www.demenagementmartineau.ca\/en\/services\/turnkey-moving-service\/#primaryimage"},"image":{"@id":"https:\/\/www.demenagementmartineau.ca\/en\/services\/turnkey-moving-service\/#primaryimage"},"thumbnailUrl":"https:\/\/www.demenagementmartineau.ca\/wp-content\/uploads\/demenagement-longue-distance-demenagement-martineau-opt.jpg","datePublished":"2023-11-16T15:57:34+00:00","dateModified":"2024-01-17T20:08:02+00:00","description":"Do you want to move with complete peace of mind, without wasting time or energy? Opt for our turnkey moving service!","breadcrumb":{"@id":"https:\/\/www.demenagementmartineau.ca\/en\/services\/turnkey-moving-service\/#breadcrumb"},"inLanguage":"en-CA","potentialAction":[{"@type":"ReadAction","target":["https:\/\/www.demenagementmartineau.ca\/en\/services\/turnkey-moving-service\/"]}]},{"@type":"ImageObject","inLanguage":"en-CA","@id":"https:\/\/www.demenagementmartineau.ca\/en\/services\/turnkey-moving-service\/#primaryimage","url":"https:\/\/www.demenagementmartineau.ca\/wp-content\/uploads\/demenagement-longue-distance-demenagement-martineau-opt.jpg","contentUrl":"https:\/\/www.demenagementmartineau.ca\/wp-content\/uploads\/demenagement-longue-distance-demenagement-martineau-opt.jpg","width":500,"height":281,"caption":"D\u00e9m\u00e9nagement longue distance - \u00c9quipe de D\u00e9m\u00e9nagement Martineau"},{"@type":"BreadcrumbList","@id":"https:\/\/www.demenagementmartineau.ca\/en\/services\/turnkey-moving-service\/#breadcrumb","itemListElement":[{"@type":"ListItem","position":1,"name":"Home","item":"https:\/\/www.demenagementmartineau.ca\/en\/"},{"@type":"ListItem","position":2,"name":"Services","item":"https:\/\/www.demenagementmartineau.ca\/en\/services\/"},{"@type":"ListItem","position":3,"name":"Turnkey moving service"}]},{"@type":"WebSite","@id":"https:\/\/www.demenagementmartineau.ca\/#website","url":"https:\/\/www.demenagementmartineau.ca\/","name":"D\u00e9m\u00e9nagement Martineau Movers inc.","description":"","potentialAction":[{"@type":"SearchAction","target":{"@type":"EntryPoint","urlTemplate":"https:\/\/www.demenagementmartineau.ca\/?s={search_term_string}"},"query-input":{"@type":"PropertyValueSpecification","valueRequired":true,"valueName":"search_term_string"}}],"inLanguage":"en-CA"}]}},"_links":{"self":[{"href":"https:\/\/www.demenagementmartineau.ca\/en\/wp-json\/wp\/v2\/pages\/7099","targetHints":{"allow":["GET"]}}],"collection":[{"href":"https:\/\/www.demenagementmartineau.ca\/en\/wp-json\/wp\/v2\/pages"}],"about":[{"href":"https:\/\/www.demenagementmartineau.ca\/en\/wp-json\/wp\/v2\/types\/page"}],"author":[{"embeddable":true,"href":"https:\/\/www.demenagementmartineau.ca\/en\/wp-json\/wp\/v2\/users\/4"}],"replies":[{"embeddable":true,"href":"https:\/\/www.demenagementmartineau.ca\/en\/wp-json\/wp\/v2\/comments?post=7099"}],"version-history":[{"count":7,"href":"https:\/\/www.demenagementmartineau.ca\/en\/wp-json\/wp\/v2\/pages\/7099\/revisions"}],"predecessor-version":[{"id":7135,"href":"https:\/\/www.demenagementmartineau.ca\/en\/wp-json\/wp\/v2\/pages\/7099\/revisions\/7135"}],"up":[{"embeddable":true,"href":"https:\/\/www.demenagementmartineau.ca\/en\/wp-json\/wp\/v2\/pages\/6437"}],"wp:featuredmedia":[{"embeddable":true,"href":"https:\/\/www.demenagementmartineau.ca\/en\/wp-json\/wp\/v2\/media\/5171"}],"wp:attachment":[{"href":"https:\/\/www.demenagementmartineau.ca\/en\/wp-json\/wp\/v2\/media?parent=7099"}],"curies":[{"name":"wp","href":"https:\/\/api.w.org\/{rel}","templated":true}]}}